{"id":4500,"date":"2024-10-30T16:32:13","date_gmt":"2024-10-30T14:32:13","guid":{"rendered":"https:\/\/www.goforward.si\/politika-poslovanja\/"},"modified":"2025-01-07T18:55:10","modified_gmt":"2025-01-07T16:55:10","slug":"politika-poslovanja","status":"publish","type":"page","link":"https:\/\/www.goforward.si\/en\/politika-poslovanja\/","title":{"rendered":"Politika poslovanja"},"content":{"rendered":"\n<p>O spletni strani<br\/>Spletno mesto je v lasti dru\u017ebe Infinite pure solutions d.o.o., ki je tudi skrbnik spletnega mesta.<\/p>\n\n<p>Dru\u017eba Infinite pure solutions d.o.o. se trudi zagotavljati pravilnost podatkov na tej spletni strani, vendar ne prevzema odgovornosti za njihovo to\u010dnost, uporabniki pa objavljeno vsebino uporabljajo na lastno odgovornost. Vsi podatki so zgolj informativne narave.<\/p>\n\n<p>Infinite pure solutions d.o.o. zato ne odgovarja za nobeno \u0161kodo, ki bi izhajala iz dostopa do spletne strani in njenih vsebin, uporabe ali nemo\u017enosti uporabe informacij na spletni strani ali za kakr\u0161ne koli napake ali pomanjkljivosti v njihovi vsebini, med drugim tudi za kakr\u0161nokoli izgubo ali \u0161kodo, nastalo kot posledica delovanja ra\u010dunalni\u0161kih virusov ali va\u0161ega zana\u0161anja na informacije, pridobljene preko te spletne strani.<\/p>\n\n<p>Spletno stran lahko vsebuje povezave na druge spletne strani (hiperpovezave). Dru\u017eba Infinite pure solutions d.o.o. ne jam\u010di za pravilnost ali verodostojnost informacij, vsebovanih v vsakr\u0161nih tak\u0161nih povezavah, dostop do njih je na lastno odgovornost.<\/p>\n\n<p>Vsi opisi storitev na tej spletni strani, so izklju\u010dno informativne narave.<\/p>\n\n<p>Osebni podatki\/uporabni\u0161ki podatki<br\/>\u010ce ste se na tej spletni strani prijavili na novice, se zbira in obdeluje va\u0161 naslov elektronske po\u0161te (e-po\u0161ta), ki ga vpi\u0161ete v spletni obrazec. Podatki se obdeluje izklju\u010dno za namene po\u0161iljanja novic. Podatki o va\u0161i elektronski po\u0161ti se shranjujejo, dokler se od storitve obve\u0161\u010danja po e-po\u0161ti ne odjavite.  <\/p>\n\n<p>\u010ce izpolnite kontaktni obrazec na spletni strani, se podatki, ki jih vnesete (ime in priimek, podjetje, el.naslov, telefon), uporabijo za pripravo odziva in se po posredovanju odziva izbri\u0161ejo. <\/p>\n\n<p>Osebnih podatkov in kontaktnih informacij ne bomo uporabljali v druge namene ter jih brez izrecnega dovoljenja uporabnika spletnega mesta ne bomo razkrili tretjim strankam, razen \u010de zakon ne dolo\u010da druga\u010de. Storili bomo vse, da va\u0161e osebne podatke za\u0161\u010ditimo pred kakr\u0161nimi koli kr\u0161itvami in zlorabami.<\/p>\n\n<p>V primeru obdelovanja va\u0161ih osebnih podatkov skladno z navedenim Infinite pure solutions d.o.o. zagotavlja, da so vam omogo\u010dene vse pravice v skladu s Splo\u0161no uredbo o varstvu osebnih podatkov (angl. General Data Protection Regulation \u2013 GDPR) in veljavnim zakonom o varstvu osebnih podatkov.<\/p>\n\n<p>Va\u0161a vpra\u0161anja ali uveljavljanje pravic v zvezi z varstvom va\u0161ih osebnih podatkov pri uporabi te spletne strani lahko po\u0161ljete na info@infinitepuresolutions.com<\/p>\n\n<p>Na\u0161a spletna stran uporablja pi\u0161kotke, kar omogo\u010da sledenje va\u0161e poti po spletni strani, registracijo aktivnosti uporabnikov na tej spletni strani ter ocenjevanje in izbolj\u0161evanje spletne strani z namenom, da je ta \u010dim bolj prijazna za uporabo. Sami lahko svoj spletni brskalnik nastavite tako, da izklju\u010dite mo\u017enost dela s pi\u0161kotki, ali tako, da vas opozori, kadar bodo pi\u0161kotki poslani.<\/p>\n\n<p>Blagovne znamke<br\/>Vse blagovne znamke, logotipi in storitvene znamke, prikazane na tej strani, so last Infinite pure solutions d.o.o. ali pogodbenih partnerjev. Njihova uporaba, prenos, kopiranje ali distribucija na kakr\u0161en koli na\u010din, brez pisnega dovoljenja je prepovedana. <\/p>\n","protected":false},"excerpt":{"rendered":"<p>O spletni straniSpletno mesto je v lasti dru\u017ebe Infinite pure solutions d.o.o., ki je tudi skrbnik spletnega mesta. Dru\u017eba Infinite pure solutions d.o.o. se trudi zagotavljati pravilnost podatkov na tej spletni strani, vendar ne prevzema odgovornosti za njihovo to\u010dnost, uporabniki [&hellip;]<\/p>\n","protected":false},"author":1,"featured_media":0,"parent":0,"menu_order":0,"comment_status":"closed","ping_status":"closed","template":"","meta":{"_price":"","_stock":"","_tribe_ticket_header":"","_tribe_default_ticket_provider":"","_tribe_ticket_capacity":"0","_ticket_start_date":"","_ticket_end_date":"","_tribe_ticket_show_description":"","_tribe_ticket_show_not_going":false,"_tribe_ticket_use_global_stock":"","_tribe_ticket_global_stock_level":"","_global_stock_mode":"","_global_stock_cap":"","_tribe_rsvp_for_event":"","_tribe_ticket_going_count":"","_tribe_ticket_not_going_count":"","_tribe_tickets_list":"[]","_tribe_ticket_has_attendee_info_fields":false,"footnotes":"","_tec_slr_enabled":"","_tec_slr_layout":""},"class_list":["post-4500","page","type-page","status-publish","hentry"],"yoast_head":"<!-- This site is optimized with the Yoast SEO plugin v27.4 - https:\/\/yoast.com\/product\/yoast-seo-wordpress\/ -->\n<title>Politika poslovanja - GOFORWARD<\/title>\n<meta name=\"robots\" content=\"index, follow, max-snippet:-1, max-image-preview:large, max-video-preview:-1\" \/>\n<link rel=\"canonical\" href=\"https:\/\/www.goforward.si\/en\/politika-poslovanja\/\" \/>\n<meta property=\"og:locale\" content=\"en_US\" \/>\n<meta property=\"og:type\" content=\"article\" \/>\n<meta property=\"og:title\" content=\"Politika poslovanja - GOFORWARD\" \/>\n<meta property=\"og:description\" content=\"O spletni straniSpletno mesto je v lasti dru\u017ebe Infinite pure solutions d.o.o., ki je tudi skrbnik spletnega mesta. Dru\u017eba Infinite pure solutions d.o.o. se trudi zagotavljati pravilnost podatkov na tej spletni strani, vendar ne prevzema odgovornosti za njihovo to\u010dnost, uporabniki [&hellip;]\" \/>\n<meta property=\"og:url\" content=\"https:\/\/www.goforward.si\/en\/politika-poslovanja\/\" \/>\n<meta property=\"og:site_name\" content=\"GOFORWARD\" \/>\n<meta property=\"article:publisher\" content=\"https:\/\/www.facebook.com\/profile.php?id=61568477704082\" \/>\n<meta property=\"article:modified_time\" content=\"2025-01-07T16:55:10+00:00\" \/>\n<meta property=\"og:image\" content=\"https:\/\/www.goforward.si\/wp-content\/uploads\/2024\/10\/AdobeStock_176410452-Large.jpeg\" \/>\n\t<meta property=\"og:image:width\" content=\"1280\" \/>\n\t<meta property=\"og:image:height\" content=\"818\" \/>\n\t<meta property=\"og:image:type\" content=\"image\/jpeg\" \/>\n<meta name=\"twitter:card\" content=\"summary_large_image\" \/>\n<meta name=\"twitter:label1\" content=\"Est. reading time\" \/>\n\t<meta name=\"twitter:data1\" content=\"3 minutes\" \/>\n<script type=\"application\/ld+json\" class=\"yoast-schema-graph\">{\"@context\":\"https:\\\/\\\/schema.org\",\"@graph\":[{\"@type\":\"WebPage\",\"@id\":\"https:\\\/\\\/www.goforward.si\\\/en\\\/politika-poslovanja\\\/\",\"url\":\"https:\\\/\\\/www.goforward.si\\\/en\\\/politika-poslovanja\\\/\",\"name\":\"Politika poslovanja - GOFORWARD\",\"isPartOf\":{\"@id\":\"https:\\\/\\\/www.goforward.si\\\/#website\"},\"datePublished\":\"2024-10-30T14:32:13+00:00\",\"dateModified\":\"2025-01-07T16:55:10+00:00\",\"breadcrumb\":{\"@id\":\"https:\\\/\\\/www.goforward.si\\\/en\\\/politika-poslovanja\\\/#breadcrumb\"},\"inLanguage\":\"en-US\",\"potentialAction\":[{\"@type\":\"ReadAction\",\"target\":[\"https:\\\/\\\/www.goforward.si\\\/en\\\/politika-poslovanja\\\/\"]}]},{\"@type\":\"BreadcrumbList\",\"@id\":\"https:\\\/\\\/www.goforward.si\\\/en\\\/politika-poslovanja\\\/#breadcrumb\",\"itemListElement\":[{\"@type\":\"ListItem\",\"position\":1,\"name\":\"Home\",\"item\":\"https:\\\/\\\/www.goforward.si\\\/\"},{\"@type\":\"ListItem\",\"position\":2,\"name\":\"Politika poslovanja\"}]},{\"@type\":\"WebSite\",\"@id\":\"https:\\\/\\\/www.goforward.si\\\/#website\",\"url\":\"https:\\\/\\\/www.goforward.si\\\/\",\"name\":\"GOFORWARD\",\"description\":\"Trajnostni izkustveni kongres prihodnosti\",\"publisher\":{\"@id\":\"https:\\\/\\\/www.goforward.si\\\/#organization\"},\"potentialAction\":[{\"@type\":\"SearchAction\",\"target\":{\"@type\":\"EntryPoint\",\"urlTemplate\":\"https:\\\/\\\/www.goforward.si\\\/?s={search_term_string}\"},\"query-input\":{\"@type\":\"PropertyValueSpecification\",\"valueRequired\":true,\"valueName\":\"search_term_string\"}}],\"inLanguage\":\"en-US\"},{\"@type\":\"Organization\",\"@id\":\"https:\\\/\\\/www.goforward.si\\\/#organization\",\"name\":\"Kongres GoForward\",\"url\":\"https:\\\/\\\/www.goforward.si\\\/\",\"logo\":{\"@type\":\"ImageObject\",\"inLanguage\":\"en-US\",\"@id\":\"https:\\\/\\\/www.goforward.si\\\/#\\\/schema\\\/logo\\\/image\\\/\",\"url\":\"https:\\\/\\\/www.goforward.si\\\/wp-content\\\/uploads\\\/2024\\\/10\\\/layer-MC0.png\",\"contentUrl\":\"https:\\\/\\\/www.goforward.si\\\/wp-content\\\/uploads\\\/2024\\\/10\\\/layer-MC0.png\",\"width\":2201,\"height\":691,\"caption\":\"Kongres GoForward\"},\"image\":{\"@id\":\"https:\\\/\\\/www.goforward.si\\\/#\\\/schema\\\/logo\\\/image\\\/\"},\"sameAs\":[\"https:\\\/\\\/www.facebook.com\\\/profile.php?id=61568477704082\",\"https:\\\/\\\/www.linkedin.com\\\/company\\\/go-forward-si\"]}]}<\/script>\n<!-- \/ Yoast SEO plugin. -->","yoast_head_json":{"title":"Politika poslovanja - GOFORWARD","robots":{"index":"index","follow":"follow","max-snippet":"max-snippet:-1","max-image-preview":"max-image-preview:large","max-video-preview":"max-video-preview:-1"},"canonical":"https:\/\/www.goforward.si\/en\/politika-poslovanja\/","og_locale":"en_US","og_type":"article","og_title":"Politika poslovanja - GOFORWARD","og_description":"O spletni straniSpletno mesto je v lasti dru\u017ebe Infinite pure solutions d.o.o., ki je tudi skrbnik spletnega mesta. Dru\u017eba Infinite pure solutions d.o.o. se trudi zagotavljati pravilnost podatkov na tej spletni strani, vendar ne prevzema odgovornosti za njihovo to\u010dnost, uporabniki [&hellip;]","og_url":"https:\/\/www.goforward.si\/en\/politika-poslovanja\/","og_site_name":"GOFORWARD","article_publisher":"https:\/\/www.facebook.com\/profile.php?id=61568477704082","article_modified_time":"2025-01-07T16:55:10+00:00","og_image":[{"width":1280,"height":818,"url":"https:\/\/www.goforward.si\/wp-content\/uploads\/2024\/10\/AdobeStock_176410452-Large.jpeg","type":"image\/jpeg"}],"twitter_card":"summary_large_image","twitter_misc":{"Est. reading time":"3 minutes"},"schema":{"@context":"https:\/\/schema.org","@graph":[{"@type":"WebPage","@id":"https:\/\/www.goforward.si\/en\/politika-poslovanja\/","url":"https:\/\/www.goforward.si\/en\/politika-poslovanja\/","name":"Politika poslovanja - GOFORWARD","isPartOf":{"@id":"https:\/\/www.goforward.si\/#website"},"datePublished":"2024-10-30T14:32:13+00:00","dateModified":"2025-01-07T16:55:10+00:00","breadcrumb":{"@id":"https:\/\/www.goforward.si\/en\/politika-poslovanja\/#breadcrumb"},"inLanguage":"en-US","potentialAction":[{"@type":"ReadAction","target":["https:\/\/www.goforward.si\/en\/politika-poslovanja\/"]}]},{"@type":"BreadcrumbList","@id":"https:\/\/www.goforward.si\/en\/politika-poslovanja\/#breadcrumb","itemListElement":[{"@type":"ListItem","position":1,"name":"Home","item":"https:\/\/www.goforward.si\/"},{"@type":"ListItem","position":2,"name":"Politika poslovanja"}]},{"@type":"WebSite","@id":"https:\/\/www.goforward.si\/#website","url":"https:\/\/www.goforward.si\/","name":"GOFORWARD","description":"Trajnostni izkustveni kongres prihodnosti","publisher":{"@id":"https:\/\/www.goforward.si\/#organization"},"potentialAction":[{"@type":"SearchAction","target":{"@type":"EntryPoint","urlTemplate":"https:\/\/www.goforward.si\/?s={search_term_string}"},"query-input":{"@type":"PropertyValueSpecification","valueRequired":true,"valueName":"search_term_string"}}],"inLanguage":"en-US"},{"@type":"Organization","@id":"https:\/\/www.goforward.si\/#organization","name":"Kongres GoForward","url":"https:\/\/www.goforward.si\/","logo":{"@type":"ImageObject","inLanguage":"en-US","@id":"https:\/\/www.goforward.si\/#\/schema\/logo\/image\/","url":"https:\/\/www.goforward.si\/wp-content\/uploads\/2024\/10\/layer-MC0.png","contentUrl":"https:\/\/www.goforward.si\/wp-content\/uploads\/2024\/10\/layer-MC0.png","width":2201,"height":691,"caption":"Kongres GoForward"},"image":{"@id":"https:\/\/www.goforward.si\/#\/schema\/logo\/image\/"},"sameAs":["https:\/\/www.facebook.com\/profile.php?id=61568477704082","https:\/\/www.linkedin.com\/company\/go-forward-si"]}]}},"ticketed":false,"_links":{"self":[{"href":"https:\/\/www.goforward.si\/en\/wp-json\/wp\/v2\/pages\/4500","targetHints":{"allow":["GET"]}}],"collection":[{"href":"https:\/\/www.goforward.si\/en\/wp-json\/wp\/v2\/pages"}],"about":[{"href":"https:\/\/www.goforward.si\/en\/wp-json\/wp\/v2\/types\/page"}],"author":[{"embeddable":true,"href":"https:\/\/www.goforward.si\/en\/wp-json\/wp\/v2\/users\/1"}],"replies":[{"embeddable":true,"href":"https:\/\/www.goforward.si\/en\/wp-json\/wp\/v2\/comments?post=4500"}],"version-history":[{"count":1,"href":"https:\/\/www.goforward.si\/en\/wp-json\/wp\/v2\/pages\/4500\/revisions"}],"predecessor-version":[{"id":4501,"href":"https:\/\/www.goforward.si\/en\/wp-json\/wp\/v2\/pages\/4500\/revisions\/4501"}],"wp:attachment":[{"href":"https:\/\/www.goforward.si\/en\/wp-json\/wp\/v2\/media?parent=4500"}],"curies":[{"name":"wp","href":"https:\/\/api.w.org\/{rel}","templated":true}]}}